{"id":553,"date":"2021-11-02T08:55:26","date_gmt":"2021-11-02T08:55:26","guid":{"rendered":"https:\/\/demo.athemes.com\/sydney-main\/?page_id=553"},"modified":"2026-01-30T11:46:56","modified_gmt":"2026-01-30T11:46:56","slug":"contact","status":"publish","type":"page","link":"https:\/\/seresturbolivia.com\/es\/contact\/","title":{"rendered":"Contact"},"content":{"rendered":"<div data-elementor-type=\"wp-page\" data-elementor-id=\"553\" class=\"elementor elementor-553\">\n\t\t\t\t\t\t<section class=\"elementor-section elementor-top-section elementor-element elementor-element-b3cbe09 elementor-section-boxed elementor-section-height-default elementor-section-height-default\" data-id=\"b3cbe09\" data-element_type=\"section\" data-settings=\"{&quot;background_background&quot;:&quot;classic&quot;}\">\n\t\t\t\t\t\t<div class=\"elementor-container elementor-column-gap-default\">\n\t\t\t\t\t<div class=\"elementor-column elementor-col-100 elementor-top-column elementor-element elementor-element-bfbcf81\" data-id=\"bfbcf81\" data-element_type=\"column\">\n\t\t\t<div class=\"elementor-widget-wrap elementor-element-populated\">\n\t\t\t\t\t\t<div class=\"elementor-element elementor-element-fc77604 elementor-widget elementor-widget-heading\" data-id=\"fc77604\" data-element_type=\"widget\" data-widget_type=\"heading.default\">\n\t\t\t\t<div class=\"elementor-widget-container\">\n\t\t\t\t\t<h1 class=\"elementor-heading-title elementor-size-default\">Cont\u00e1ctenos<\/h1>\t\t\t\t<\/div>\n\t\t\t\t<\/div>\n\t\t\t\t<div class=\"elementor-element elementor-element-0b534c9 elementor-hidden-desktop elementor-hidden-tablet elementor-hidden-mobile elementor-widget elementor-widget-heading\" data-id=\"0b534c9\" data-element_type=\"widget\" data-widget_type=\"heading.default\">\n\t\t\t\t<div class=\"elementor-widget-container\">\n\t\t\t\t\t<h4 class=\"elementor-heading-title elementor-size-default\">Cont\u00e1ctenos<\/h4>\t\t\t\t<\/div>\n\t\t\t\t<\/div>\n\t\t\t\t\t<\/div>\n\t\t<\/div>\n\t\t\t\t\t<\/div>\n\t\t<\/section>\n\t\t\t\t<section class=\"elementor-section elementor-top-section elementor-element elementor-element-aa2a30a elementor-section-boxed elementor-section-height-default elementor-section-height-default\" data-id=\"aa2a30a\" data-element_type=\"section\">\n\t\t\t\t\t\t<div class=\"elementor-container elementor-column-gap-default\">\n\t\t\t\t\t<div class=\"elementor-column elementor-col-33 elementor-top-column elementor-element elementor-element-0e3b841\" data-id=\"0e3b841\" data-element_type=\"column\">\n\t\t\t<div class=\"elementor-widget-wrap elementor-element-populated\">\n\t\t\t\t\t\t<div class=\"elementor-element elementor-element-f51b1ef elementor-widget elementor-widget-heading\" data-id=\"f51b1ef\" data-element_type=\"widget\" data-widget_type=\"heading.default\">\n\t\t\t\t<div class=\"elementor-widget-container\">\n\t\t\t\t\t<h6 class=\"elementor-heading-title elementor-size-default\">Bolivia<\/h6>\t\t\t\t<\/div>\n\t\t\t\t<\/div>\n\t\t\t\t<div class=\"elementor-element elementor-element-f53ad6f elementor-widget elementor-widget-heading\" data-id=\"f53ad6f\" data-element_type=\"widget\" data-widget_type=\"heading.default\">\n\t\t\t\t<div class=\"elementor-widget-container\">\n\t\t\t\t\t<h6 class=\"elementor-heading-title elementor-size-default\">Daniela Pe\u00f1aloza<\/h6>\t\t\t\t<\/div>\n\t\t\t\t<\/div>\n\t\t\t\t<div class=\"elementor-element elementor-element-cd69ec9 elementor-widget elementor-widget-heading\" data-id=\"cd69ec9\" data-element_type=\"widget\" data-widget_type=\"heading.default\">\n\t\t\t\t<div class=\"elementor-widget-container\">\n\t\t\t\t\t<h6 class=\"elementor-heading-title elementor-size-default\">La Paz, Bolivia<\/h6>\t\t\t\t<\/div>\n\t\t\t\t<\/div>\n\t\t\t\t\t<\/div>\n\t\t<\/div>\n\t\t\t\t<div class=\"elementor-column elementor-col-33 elementor-top-column elementor-element elementor-element-23552b0\" data-id=\"23552b0\" data-element_type=\"column\">\n\t\t\t<div class=\"elementor-widget-wrap elementor-element-populated\">\n\t\t\t\t\t\t<div class=\"elementor-element elementor-element-e48f864 elementor-widget elementor-widget-heading\" data-id=\"e48f864\" data-element_type=\"widget\" data-widget_type=\"heading.default\">\n\t\t\t\t<div class=\"elementor-widget-container\">\n\t\t\t\t\t<h6 class=\"elementor-heading-title elementor-size-default\">CELL PHONE<\/h6>\t\t\t\t<\/div>\n\t\t\t\t<\/div>\n\t\t\t\t<div class=\"elementor-element elementor-element-4b2e95a elementor-widget elementor-widget-heading\" data-id=\"4b2e95a\" data-element_type=\"widget\" data-widget_type=\"heading.default\">\n\t\t\t\t<div class=\"elementor-widget-container\">\n\t\t\t\t\t<h6 class=\"elementor-heading-title elementor-size-default\">+591 789 30202 <br>\n+591 72050950<\/h6>\t\t\t\t<\/div>\n\t\t\t\t<\/div>\n\t\t\t\t<div class=\"elementor-element elementor-element-936a6b2 elementor-widget elementor-widget-heading\" data-id=\"936a6b2\" data-element_type=\"widget\" data-widget_type=\"heading.default\">\n\t\t\t\t<div class=\"elementor-widget-container\">\n\t\t\t\t\t<h6 class=\"elementor-heading-title elementor-size-default\">EMAIL<\/h6>\t\t\t\t<\/div>\n\t\t\t\t<\/div>\n\t\t\t\t<div class=\"elementor-element elementor-element-d1c9b52 elementor-widget elementor-widget-heading\" data-id=\"d1c9b52\" data-element_type=\"widget\" data-widget_type=\"heading.default\">\n\t\t\t\t<div class=\"elementor-widget-container\">\n\t\t\t\t\t<h6 class=\"elementor-heading-title elementor-size-default\">dpenalozalopez@gmail.com<\/h6>\t\t\t\t<\/div>\n\t\t\t\t<\/div>\n\t\t\t\t\t<\/div>\n\t\t<\/div>\n\t\t\t\t<div class=\"elementor-column elementor-col-33 elementor-top-column elementor-element elementor-element-54eeb6f\" data-id=\"54eeb6f\" data-element_type=\"column\">\n\t\t\t<div class=\"elementor-widget-wrap elementor-element-populated\">\n\t\t\t\t\t\t<div class=\"elementor-element elementor-element-77a85cd elementor-widget elementor-widget-heading\" data-id=\"77a85cd\" data-element_type=\"widget\" data-widget_type=\"heading.default\">\n\t\t\t\t<div class=\"elementor-widget-container\">\n\t\t\t\t\t<h6 class=\"elementor-heading-title elementor-size-default\">Social<\/h6>\t\t\t\t<\/div>\n\t\t\t\t<\/div>\n\t\t\t\t<div class=\"elementor-element elementor-element-f047336 e-grid-align-left elementor-shape-rounded elementor-grid-0 elementor-widget elementor-widget-social-icons\" data-id=\"f047336\" data-element_type=\"widget\" data-widget_type=\"social-icons.default\">\n\t\t\t\t<div class=\"elementor-widget-container\">\n\t\t\t\t\t\t\t<div class=\"elementor-social-icons-wrapper elementor-grid\" role=\"list\">\n\t\t\t\t\t\t\t<span class=\"elementor-grid-item\" role=\"listitem\">\n\t\t\t\t\t<a class=\"elementor-icon elementor-social-icon elementor-social-icon-facebook elementor-repeater-item-df21b6d\" href=\"https:\/\/www.facebook.com\/seresturbolivia\" target=\"_blank\">\n\t\t\t\t\t\t<span class=\"elementor-screen-only\">Facebook<\/span>\n\t\t\t\t\t\t<i aria-hidden=\"true\" class=\"fab fa-facebook\"><\/i>\t\t\t\t\t<\/a>\n\t\t\t\t<\/span>\n\t\t\t\t\t\t\t<span class=\"elementor-grid-item\" role=\"listitem\">\n\t\t\t\t\t<a class=\"elementor-icon elementor-social-icon elementor-social-icon-instagram elementor-repeater-item-905f00d\" href=\"https:\/\/instagram.com\/serestur.s.a?igshid=NTc4MTIwNjQ2YQ==\" target=\"_blank\">\n\t\t\t\t\t\t<span class=\"elementor-screen-only\">Instagram<\/span>\n\t\t\t\t\t\t<i aria-hidden=\"true\" class=\"fab fa-instagram\"><\/i>\t\t\t\t\t<\/a>\n\t\t\t\t<\/span>\n\t\t\t\t\t<\/div>\n\t\t\t\t\t\t<\/div>\n\t\t\t\t<\/div>\n\t\t\t\t\t<\/div>\n\t\t<\/div>\n\t\t\t\t\t<\/div>\n\t\t<\/section>\n\t\t\t\t<section class=\"elementor-section elementor-top-section elementor-element elementor-element-4aef223 elementor-section-full_width elementor-section-height-default elementor-section-height-default\" data-id=\"4aef223\" data-element_type=\"section\">\n\t\t\t\t\t\t<div class=\"elementor-container elementor-column-gap-default\">\n\t\t\t\t\t<div class=\"elementor-column elementor-col-100 elementor-top-column elementor-element elementor-element-6cb49ba\" data-id=\"6cb49ba\" data-element_type=\"column\">\n\t\t\t<div class=\"elementor-widget-wrap elementor-element-populated\">\n\t\t\t\t\t\t<div class=\"elementor-element elementor-element-39a8183 elementor-widget elementor-widget-image\" data-id=\"39a8183\" data-element_type=\"widget\" data-widget_type=\"image.default\">\n\t\t\t\t<div class=\"elementor-widget-container\">\n\t\t\t\t\t\t\t\t\t\t\t\t\t\t\t<img decoding=\"async\" src=\"http:\/\/demo.athemes.com\/sydney-main\/wp-content\/uploads\/sites\/128\/2021\/11\/Mask-Group-2.jpg\" title=\"\" alt=\"\" loading=\"lazy\" \/>\t\t\t\t\t\t\t\t\t\t\t\t\t\t\t<\/div>\n\t\t\t\t<\/div>\n\t\t\t\t\t<\/div>\n\t\t<\/div>\n\t\t\t\t\t<\/div>\n\t\t<\/section>\n\t\t\t\t<section class=\"elementor-section elementor-top-section elementor-element elementor-element-3f9f020 elementor-section-full_width elementor-section-height-default elementor-section-height-default\" data-id=\"3f9f020\" data-element_type=\"section\" data-settings=\"{&quot;background_background&quot;:&quot;classic&quot;}\">\n\t\t\t\t\t\t\t<div class=\"elementor-background-overlay\"><\/div>\n\t\t\t\t\t\t\t<div class=\"elementor-container elementor-column-gap-default\">\n\t\t\t\t\t<div class=\"elementor-column elementor-col-100 elementor-top-column elementor-element elementor-element-4e20ce5\" data-id=\"4e20ce5\" data-element_type=\"column\">\n\t\t\t<div class=\"elementor-widget-wrap elementor-element-populated\">\n\t\t\t\t\t\t<div class=\"elementor-element elementor-element-5c3d7d3 elementor-widget elementor-widget-heading\" data-id=\"5c3d7d3\" data-element_type=\"widget\" data-widget_type=\"heading.default\">\n\t\t\t\t<div class=\"elementor-widget-container\">\n\t\t\t\t\t<h3 class=\"elementor-heading-title elementor-size-default\">Env\u00edanos un mensaje y te responderemos <br> lo m\u00e1s r\u00e1pido posible.<\/h3>\t\t\t\t<\/div>\n\t\t\t\t<\/div>\n\t\t\t\t<div class=\"elementor-element elementor-element-0315f34 elementor-hidden-desktop elementor-hidden-tablet elementor-hidden-mobile elementor-widget elementor-widget-heading\" data-id=\"0315f34\" data-element_type=\"widget\" data-widget_type=\"heading.default\">\n\t\t\t\t<div class=\"elementor-widget-container\">\n\t\t\t\t\t<h3 class=\"elementor-heading-title elementor-size-default\">Env\u00edanos un mensaje y te responderemos<br> lo m\u00e1s r\u00e1pido posible.<\/h3>\t\t\t\t<\/div>\n\t\t\t\t<\/div>\n\t\t\t\t<div class=\"elementor-element elementor-element-ffcf2b7 syd-contact elementor-widget elementor-widget-shortcode\" data-id=\"ffcf2b7\" data-element_type=\"widget\" data-widget_type=\"shortcode.default\">\n\t\t\t\t<div class=\"elementor-widget-container\">\n\t\t\t\t\t\t\t<div class=\"elementor-shortcode\">\n<div class=\"wpcf7 no-js\" id=\"wpcf7-f1034-o1\" lang=\"es-MX\" dir=\"ltr\" data-wpcf7-id=\"1034\">\n<div class=\"screen-reader-response\"><p role=\"status\" aria-live=\"polite\" aria-atomic=\"true\"><\/p> <ul><\/ul><\/div>\n<form action=\"\/es\/wp-json\/wp\/v2\/pages\/553#wpcf7-f1034-o1\" method=\"post\" class=\"wpcf7-form init\" aria-label=\"Formulario de contacto\" novalidate=\"novalidate\" data-status=\"init\" data-trp-original-action=\"\/es\/wp-json\/wp\/v2\/pages\/553#wpcf7-f1034-o1\">\n<fieldset class=\"hidden-fields-container\"><input type=\"hidden\" name=\"_wpcf7\" value=\"1034\" \/><input type=\"hidden\" name=\"_wpcf7_version\" value=\"6.1.4\" \/><input type=\"hidden\" name=\"_wpcf7_locale\" value=\"es_MX\" \/><input type=\"hidden\" name=\"_wpcf7_unit_tag\" value=\"wpcf7-f1034-o1\" \/><input type=\"hidden\" name=\"_wpcf7_container_post\" value=\"0\" \/><input type=\"hidden\" name=\"_wpcf7_posted_data_hash\" value=\"\" \/>\n<\/fieldset>\n<center>\n\t<div id=\"responsive-form\" class=\"clearfix\">\n\t\t<div class=\"form-row\">\n\t\t\t<div class=\"column-full\">\n\t\t\t\t<p><span class=\"wpcf7-form-control-wrap\" data-name=\"Nombre\"><input size=\"40\" maxlength=\"400\" class=\"wpcf7-form-control wpcf7-text wpcf7-validates-as-required\" aria-required=\"true\" aria-invalid=\"false\" placeholder=\"Nombre\" value=\"\" type=\"text\" name=\"Nombre\" \/><\/span>\n\t\t\t\t<\/p>\n\t\t\t<\/div>\n\t\t<\/div>\n\t\t<div class=\"form-row\">\n\t\t\t<div class=\"column-full\">\n\t\t\t\t<p><span class=\"wpcf7-form-control-wrap\" data-name=\"email\"><input size=\"40\" maxlength=\"400\" class=\"wpcf7-form-control wpcf7-email wpcf7-validates-as-required wpcf7-text wpcf7-validates-as-email\" aria-required=\"true\" aria-invalid=\"false\" placeholder=\"Correo Electr\u00f3nico\" value=\"\" type=\"email\" name=\"email\" \/><\/span>\n\t\t\t\t<\/p>\n\t\t\t<\/div>\n\t\t<\/div>\n\t\t<div class=\"form-row\">\n\t\t\t<div class=\"column-half\">\n\t\t\t\t<p><span class=\"wpcf7-form-control-wrap\" data-name=\"Telefono\"><input size=\"40\" maxlength=\"400\" class=\"wpcf7-form-control wpcf7-tel wpcf7-validates-as-required wpcf7-text wpcf7-validates-as-tel\" aria-required=\"true\" aria-invalid=\"false\" placeholder=\"Tel\u00e9fono\" value=\"\" type=\"tel\" name=\"Telefono\" \/><\/span>\n\t\t\t\t<\/p>\n\t\t\t<\/div>\n\t\t\t<div class=\"column-half\">\n\t\t\t\t<p><span class=\"wpcf7-form-control-wrap\" data-name=\"asunto\"><input size=\"40\" maxlength=\"400\" class=\"wpcf7-form-control wpcf7-text\" aria-invalid=\"false\" placeholder=\"Asunto\" value=\"\" type=\"text\" name=\"asunto\" \/><\/span>\n\t\t\t\t<\/p>\n\t\t\t<\/div>\n\t\t<\/div>\n\t\t<div class=\"form-row\">\n\t\t\t<div class=\"column-full\">\n\t\t\t\t<p><span class=\"wpcf7-form-control-wrap\" data-name=\"mensaje\"><textarea cols=\"40\" rows=\"5\" maxlength=\"2000\" class=\"wpcf7-form-control wpcf7-textarea wpcf7-validates-as-required\" aria-required=\"true\" aria-invalid=\"false\" placeholder=\"Mensaje\" name=\"mensaje\"><\/textarea><\/span>\n\t\t\t\t<\/p>\n\t\t\t<\/div>\n\t\t<\/div>\n\t\t<div class=\"form-row\">\n\t\t\t<div class=\"column-full\">\n\t\t\t\t<p><input class=\"wpcf7-form-control wpcf7-submit has-spinner\" type=\"submit\" value=\"Enviar\" \/>\n\t\t\t\t<\/p>\n\t\t\t<\/div>\n\t\t<\/div>\n\t<\/div><!--end responsive-form-->\n<\/center><div class=\"wpcf7-response-output\" aria-hidden=\"true\"><\/div>\n<input type=\"hidden\" name=\"trp-form-language\" value=\"es\"\/><\/form>\n<\/div>\n<\/div>\n\t\t\t\t\t\t<\/div>\n\t\t\t\t<\/div>\n\t\t\t\t\t<\/div>\n\t\t<\/div>\n\t\t\t\t\t<\/div>\n\t\t<\/section>\n\t\t\t\t<\/div>","protected":false},"excerpt":{"rendered":"<p>Contact Us Cont\u00e1ctenos Bolivia Daniela Pe\u00f1aloza La Paz, Bolivia CELL PHONE +591 789 30202 +591 72050950 EMAIL dpenalozalopez@gmail.com Social Facebook Instagram Send [&hellip;]<\/p>","protected":false},"author":1,"featured_media":0,"parent":0,"menu_order":0,"comment_status":"closed","ping_status":"closed","template":"page-templates\/page_front-page.php","meta":{"om_disable_all_campaigns":false,"_monsterinsights_skip_tracking":false,"_monsterinsights_sitenote_active":false,"_monsterinsights_sitenote_note":"","_monsterinsights_sitenote_category":0,"footnotes":""},"class_list":["post-553","page","type-page","status-publish","hentry"],"yoast_head":"<!-- This site is optimized with the Yoast SEO plugin v26.8 - https:\/\/yoast.com\/product\/yoast-seo-wordpress\/ -->\n<title>Contact - Serestur S.A<\/title>\n<meta name=\"description\" content=\"Send us a message and we will respond as quickly as possible.\" \/>\n<meta name=\"robots\" content=\"index, follow, max-snippet:-1, max-image-preview:large, max-video-preview:-1\" \/>\n<link rel=\"canonical\" href=\"https:\/\/seresturbolivia.com\/es\/contact\/\" \/>\n<meta property=\"og:locale\" content=\"es_ES\" \/>\n<meta property=\"og:type\" content=\"article\" \/>\n<meta property=\"og:title\" content=\"Contact - Serestur S.A\" \/>\n<meta property=\"og:description\" content=\"Send us a message and we will respond as quickly as possible.\" \/>\n<meta property=\"og:url\" content=\"https:\/\/seresturbolivia.com\/es\/contact\/\" \/>\n<meta property=\"og:site_name\" content=\"Serestur S.A\" \/>\n<meta property=\"article:publisher\" content=\"https:\/\/www.facebook.com\/seresturbolivia\" \/>\n<meta property=\"article:modified_time\" content=\"2026-01-30T11:46:56+00:00\" \/>\n<meta property=\"og:image\" content=\"https:\/\/seresturbolivia.com\/wp-content\/uploads\/2023\/04\/Bolivia-Serestur.jpg\" \/>\n\t<meta property=\"og:image:width\" content=\"600\" \/>\n\t<meta property=\"og:image:height\" content=\"600\" \/>\n\t<meta property=\"og:image:type\" content=\"image\/jpeg\" \/>\n<meta name=\"twitter:card\" content=\"summary_large_image\" \/>\n<meta name=\"twitter:image\" content=\"https:\/\/seresturbolivia.com\/wp-content\/uploads\/2023\/04\/Bolivia-Serestur.jpg\" \/>\n<meta name=\"twitter:label1\" content=\"Tiempo de lectura\" \/>\n\t<meta name=\"twitter:data1\" content=\"1 minuto\" \/>\n<script type=\"application\/ld+json\" class=\"yoast-schema-graph\">{\"@context\":\"https:\/\/schema.org\",\"@graph\":[{\"@type\":\"WebPage\",\"@id\":\"https:\/\/seresturbolivia.com\/contact\/\",\"url\":\"https:\/\/seresturbolivia.com\/contact\/\",\"name\":\"Contact - Serestur S.A\",\"isPartOf\":{\"@id\":\"https:\/\/seresturbolivia.com\/#website\"},\"primaryImageOfPage\":{\"@id\":\"https:\/\/seresturbolivia.com\/contact\/#primaryimage\"},\"image\":{\"@id\":\"https:\/\/seresturbolivia.com\/contact\/#primaryimage\"},\"thumbnailUrl\":\"http:\/\/demo.athemes.com\/sydney-main\/wp-content\/uploads\/sites\/128\/2021\/11\/Mask-Group-2.jpg\",\"datePublished\":\"2021-11-02T08:55:26+00:00\",\"dateModified\":\"2026-01-30T11:46:56+00:00\",\"description\":\"Send us a message and we will respond as quickly as possible.\",\"breadcrumb\":{\"@id\":\"https:\/\/seresturbolivia.com\/contact\/#breadcrumb\"},\"inLanguage\":\"es\",\"potentialAction\":[{\"@type\":\"ReadAction\",\"target\":[\"https:\/\/seresturbolivia.com\/contact\/\"]}]},{\"@type\":\"ImageObject\",\"inLanguage\":\"es\",\"@id\":\"https:\/\/seresturbolivia.com\/contact\/#primaryimage\",\"url\":\"http:\/\/demo.athemes.com\/sydney-main\/wp-content\/uploads\/sites\/128\/2021\/11\/Mask-Group-2.jpg\",\"contentUrl\":\"http:\/\/demo.athemes.com\/sydney-main\/wp-content\/uploads\/sites\/128\/2021\/11\/Mask-Group-2.jpg\"},{\"@type\":\"BreadcrumbList\",\"@id\":\"https:\/\/seresturbolivia.com\/contact\/#breadcrumb\",\"itemListElement\":[{\"@type\":\"ListItem\",\"position\":1,\"name\":\"Inicio\",\"item\":\"https:\/\/seresturbolivia.com\/\"},{\"@type\":\"ListItem\",\"position\":2,\"name\":\"Contact\"}]},{\"@type\":\"WebSite\",\"@id\":\"https:\/\/seresturbolivia.com\/#website\",\"url\":\"https:\/\/seresturbolivia.com\/\",\"name\":\"Serestur S.A\",\"description\":\"Servicios Estrat\u00e9gicos de Hoteler\u00eda y Turismo\",\"publisher\":{\"@id\":\"https:\/\/seresturbolivia.com\/#organization\"},\"potentialAction\":[{\"@type\":\"SearchAction\",\"target\":{\"@type\":\"EntryPoint\",\"urlTemplate\":\"https:\/\/seresturbolivia.com\/?s={search_term_string}\"},\"query-input\":{\"@type\":\"PropertyValueSpecification\",\"valueRequired\":true,\"valueName\":\"search_term_string\"}}],\"inLanguage\":\"es\"},{\"@type\":\"Organization\",\"@id\":\"https:\/\/seresturbolivia.com\/#organization\",\"name\":\"Serestur S.A\",\"alternateName\":\"Serestur Bolivia\",\"url\":\"https:\/\/seresturbolivia.com\/\",\"logo\":{\"@type\":\"ImageObject\",\"inLanguage\":\"es\",\"@id\":\"https:\/\/seresturbolivia.com\/#\/schema\/logo\/image\/\",\"url\":\"http:\/\/seresturbolivia.com\/wp-content\/uploads\/2023\/04\/Bolivia-Serestur.jpg\",\"contentUrl\":\"http:\/\/seresturbolivia.com\/wp-content\/uploads\/2023\/04\/Bolivia-Serestur.jpg\",\"width\":600,\"height\":600,\"caption\":\"Serestur S.A\"},\"image\":{\"@id\":\"https:\/\/seresturbolivia.com\/#\/schema\/logo\/image\/\"},\"sameAs\":[\"https:\/\/www.facebook.com\/seresturbolivia\"]}]}<\/script>\n<!-- \/ Yoast SEO plugin. -->","yoast_head_json":{"title":"Contact - Serestur S.A","description":"Send us a message and we will respond as quickly as possible.","robots":{"index":"index","follow":"follow","max-snippet":"max-snippet:-1","max-image-preview":"max-image-preview:large","max-video-preview":"max-video-preview:-1"},"canonical":"https:\/\/seresturbolivia.com\/es\/contact\/","og_locale":"es_ES","og_type":"article","og_title":"Contact - Serestur S.A","og_description":"Send us a message and we will respond as quickly as possible.","og_url":"https:\/\/seresturbolivia.com\/es\/contact\/","og_site_name":"Serestur S.A","article_publisher":"https:\/\/www.facebook.com\/seresturbolivia","article_modified_time":"2026-01-30T11:46:56+00:00","og_image":[{"width":600,"height":600,"url":"https:\/\/seresturbolivia.com\/wp-content\/uploads\/2023\/04\/Bolivia-Serestur.jpg","type":"image\/jpeg"}],"twitter_card":"summary_large_image","twitter_image":"https:\/\/seresturbolivia.com\/wp-content\/uploads\/2023\/04\/Bolivia-Serestur.jpg","twitter_misc":{"Tiempo de lectura":"1 minuto"},"schema":{"@context":"https:\/\/schema.org","@graph":[{"@type":"WebPage","@id":"https:\/\/seresturbolivia.com\/contact\/","url":"https:\/\/seresturbolivia.com\/contact\/","name":"Contact - Serestur S.A","isPartOf":{"@id":"https:\/\/seresturbolivia.com\/#website"},"primaryImageOfPage":{"@id":"https:\/\/seresturbolivia.com\/contact\/#primaryimage"},"image":{"@id":"https:\/\/seresturbolivia.com\/contact\/#primaryimage"},"thumbnailUrl":"http:\/\/demo.athemes.com\/sydney-main\/wp-content\/uploads\/sites\/128\/2021\/11\/Mask-Group-2.jpg","datePublished":"2021-11-02T08:55:26+00:00","dateModified":"2026-01-30T11:46:56+00:00","description":"Send us a message and we will respond as quickly as possible.","breadcrumb":{"@id":"https:\/\/seresturbolivia.com\/contact\/#breadcrumb"},"inLanguage":"es","potentialAction":[{"@type":"ReadAction","target":["https:\/\/seresturbolivia.com\/contact\/"]}]},{"@type":"ImageObject","inLanguage":"es","@id":"https:\/\/seresturbolivia.com\/contact\/#primaryimage","url":"http:\/\/demo.athemes.com\/sydney-main\/wp-content\/uploads\/sites\/128\/2021\/11\/Mask-Group-2.jpg","contentUrl":"http:\/\/demo.athemes.com\/sydney-main\/wp-content\/uploads\/sites\/128\/2021\/11\/Mask-Group-2.jpg"},{"@type":"BreadcrumbList","@id":"https:\/\/seresturbolivia.com\/contact\/#breadcrumb","itemListElement":[{"@type":"ListItem","position":1,"name":"Inicio","item":"https:\/\/seresturbolivia.com\/"},{"@type":"ListItem","position":2,"name":"Contact"}]},{"@type":"WebSite","@id":"https:\/\/seresturbolivia.com\/#website","url":"https:\/\/seresturbolivia.com\/","name":"Serestur S.A","description":"Servicios Estrat\u00e9gicos de Hoteler\u00eda y Turismo","publisher":{"@id":"https:\/\/seresturbolivia.com\/#organization"},"potentialAction":[{"@type":"SearchAction","target":{"@type":"EntryPoint","urlTemplate":"https:\/\/seresturbolivia.com\/?s={search_term_string}"},"query-input":{"@type":"PropertyValueSpecification","valueRequired":true,"valueName":"search_term_string"}}],"inLanguage":"es"},{"@type":"Organization","@id":"https:\/\/seresturbolivia.com\/#organization","name":"Serestur S.A","alternateName":"Serestur Bolivia","url":"https:\/\/seresturbolivia.com\/","logo":{"@type":"ImageObject","inLanguage":"es","@id":"https:\/\/seresturbolivia.com\/#\/schema\/logo\/image\/","url":"http:\/\/seresturbolivia.com\/wp-content\/uploads\/2023\/04\/Bolivia-Serestur.jpg","contentUrl":"http:\/\/seresturbolivia.com\/wp-content\/uploads\/2023\/04\/Bolivia-Serestur.jpg","width":600,"height":600,"caption":"Serestur S.A"},"image":{"@id":"https:\/\/seresturbolivia.com\/#\/schema\/logo\/image\/"},"sameAs":["https:\/\/www.facebook.com\/seresturbolivia"]}]}},"_links":{"self":[{"href":"https:\/\/seresturbolivia.com\/es\/wp-json\/wp\/v2\/pages\/553","targetHints":{"allow":["GET"]}}],"collection":[{"href":"https:\/\/seresturbolivia.com\/es\/wp-json\/wp\/v2\/pages"}],"about":[{"href":"https:\/\/seresturbolivia.com\/es\/wp-json\/wp\/v2\/types\/page"}],"author":[{"embeddable":true,"href":"https:\/\/seresturbolivia.com\/es\/wp-json\/wp\/v2\/users\/1"}],"replies":[{"embeddable":true,"href":"https:\/\/seresturbolivia.com\/es\/wp-json\/wp\/v2\/comments?post=553"}],"version-history":[{"count":82,"href":"https:\/\/seresturbolivia.com\/es\/wp-json\/wp\/v2\/pages\/553\/revisions"}],"predecessor-version":[{"id":1869,"href":"https:\/\/seresturbolivia.com\/es\/wp-json\/wp\/v2\/pages\/553\/revisions\/1869"}],"wp:attachment":[{"href":"https:\/\/seresturbolivia.com\/es\/wp-json\/wp\/v2\/media?parent=553"}],"curies":[{"name":"wp","href":"https:\/\/api.w.org\/{rel}","templated":true}]}}