{"id":1945,"date":"2026-03-17T17:51:41","date_gmt":"2026-03-17T17:51:41","guid":{"rendered":"https:\/\/seresturbolivia.com\/?page_id=1945"},"modified":"2026-03-17T18:41:50","modified_gmt":"2026-03-17T18:41:50","slug":"serestur-web-management","status":"publish","type":"page","link":"https:\/\/seresturbolivia.com\/es\/serestur-web-management\/","title":{"rendered":"Serestur Web Management"},"content":{"rendered":"<div data-elementor-type=\"wp-page\" data-elementor-id=\"1945\" class=\"elementor elementor-1945\">\n\t\t\t\t\t\t<section class=\"elementor-section elementor-top-section elementor-element elementor-element-5aaf4a5 elementor-section-boxed elementor-section-height-default elementor-section-height-default\" data-id=\"5aaf4a5\" data-element_type=\"section\">\n\t\t\t\t\t\t<div class=\"elementor-container elementor-column-gap-default\">\n\t\t\t\t\t<div class=\"elementor-column elementor-col-100 elementor-top-column elementor-element elementor-element-5450dce\" data-id=\"5450dce\" data-element_type=\"column\">\n\t\t\t<div class=\"elementor-widget-wrap elementor-element-populated\">\n\t\t\t\t\t\t<div class=\"elementor-element elementor-element-4c40e78 elementor-widget elementor-widget-image\" data-id=\"4c40e78\" data-element_type=\"widget\" data-widget_type=\"image.default\">\n\t\t\t\t<div class=\"elementor-widget-container\">\n\t\t\t\t\t\t\t\t\t\t\t\t\t\t\t<img fetchpriority=\"high\" decoding=\"async\" width=\"1000\" height=\"241\" src=\"https:\/\/seresturbolivia.com\/wp-content\/uploads\/2026\/03\/Serestur-Web-Management.png\" class=\"attachment-large size-large wp-image-1977\" alt=\"\" srcset=\"https:\/\/seresturbolivia.com\/wp-content\/uploads\/2026\/03\/Serestur-Web-Management.png 1000w, https:\/\/seresturbolivia.com\/wp-content\/uploads\/2026\/03\/Serestur-Web-Management-300x72.png 300w, https:\/\/seresturbolivia.com\/wp-content\/uploads\/2026\/03\/Serestur-Web-Management-768x185.png 768w, https:\/\/seresturbolivia.com\/wp-content\/uploads\/2026\/03\/Serestur-Web-Management-18x4.png 18w, https:\/\/seresturbolivia.com\/wp-content\/uploads\/2026\/03\/Serestur-Web-Management-230x55.png 230w, https:\/\/seresturbolivia.com\/wp-content\/uploads\/2026\/03\/Serestur-Web-Management-350x84.png 350w, https:\/\/seresturbolivia.com\/wp-content\/uploads\/2026\/03\/Serestur-Web-Management-480x116.png 480w\" sizes=\"(max-width: 1000px) 100vw, 1000px\" \/>\t\t\t\t\t\t\t\t\t\t\t\t\t\t\t<\/div>\n\t\t\t\t<\/div>\n\t\t\t\t\t<\/div>\n\t\t<\/div>\n\t\t\t\t\t<\/div>\n\t\t<\/section>\n\t\t\t\t<section class=\"elementor-section elementor-top-section elementor-element elementor-element-9e0e198 elementor-section-full_width elementor-section-height-default elementor-section-height-default\" data-id=\"9e0e198\" data-element_type=\"section\">\n\t\t\t\t\t\t<div class=\"elementor-container elementor-column-gap-default\">\n\t\t\t\t\t<div class=\"elementor-column elementor-col-100 elementor-top-column elementor-element elementor-element-676f84b\" data-id=\"676f84b\" data-element_type=\"column\">\n\t\t\t<div class=\"elementor-widget-wrap elementor-element-populated\">\n\t\t\t\t\t\t<section class=\"elementor-section elementor-inner-section elementor-element elementor-element-dd9b39d elementor-section-full_width elementor-section-height-default elementor-section-height-default\" data-id=\"dd9b39d\" data-element_type=\"section\">\n\t\t\t\t\t\t<div class=\"elementor-container elementor-column-gap-default\">\n\t\t\t\t\t<div class=\"elementor-column elementor-col-50 elementor-inner-column elementor-element elementor-element-024d06f\" data-id=\"024d06f\" data-element_type=\"column\">\n\t\t\t<div class=\"elementor-widget-wrap elementor-element-populated\">\n\t\t\t\t\t\t<div class=\"elementor-element elementor-element-af1c673 elementor-widget elementor-widget-text-editor\" data-id=\"af1c673\" data-element_type=\"widget\" data-widget_type=\"text-editor.default\">\n\t\t\t\t<div class=\"elementor-widget-container\">\n\t\t\t\t\t\t\t\t\t<p>Conectando tu hotel a trav\u00e9s de reservas digitales. SERESTUR, una consultora en hoteler\u00eda con m\u00e1s de 15 a\u00f1os de experiencia en el mercado boliviano, ha desarrollado la especializaci\u00f3n en manejo comercial de hoteles a trav\u00e9s de ventas en l\u00ednea, a trav\u00e9s de una plataforma tecnol\u00f3gica para la industria hotelera: un channel manager y un motor de reservas que centraliza la distribuci\u00f3n, venta y gesti\u00f3n de habitaciones en 450 canales online.<\/p>\t\t\t\t\t\t\t\t<\/div>\n\t\t\t\t<\/div>\n\t\t\t\t<div class=\"elementor-element elementor-element-822ef71 elementor-widget elementor-widget-heading\" data-id=\"822ef71\" data-element_type=\"widget\" data-widget_type=\"heading.default\">\n\t\t\t\t<div class=\"elementor-widget-container\">\n\t\t\t\t\t<h3 class=\"elementor-heading-title elementor-size-default\">Nuestra propuesta de valor<\/h3>\t\t\t\t<\/div>\n\t\t\t\t<\/div>\n\t\t\t\t<div class=\"elementor-element elementor-element-9a2a665 elementor-widget elementor-widget-text-editor\" data-id=\"9a2a665\" data-element_type=\"widget\" data-widget_type=\"text-editor.default\">\n\t\t\t\t<div class=\"elementor-widget-container\">\n\t\t\t\t\t\t\t\t\t<ol><li>Incremento de ventas en reservas en l\u00ednea a trav\u00e9s de manejo \u00f3ptimo de canales de reserva.<\/li><li>Manejo de estrategia de contenidos con enfoque claro y directo al mercado objetivo<\/li><li>Posicionamiento en reviews generando rese\u00f1as y valoraciones de clientes para la visibilidad y reputaci\u00f3n online<\/li><li>An\u00e1lisis y de ventas a trav\u00e9s de reportes detallados para monitorear la evoluci\u00f3n de las ventas<\/li><\/ol>\t\t\t\t\t\t\t\t<\/div>\n\t\t\t\t<\/div>\n\t\t\t\t<div class=\"elementor-element elementor-element-5f3de6d elementor-widget elementor-widget-heading\" data-id=\"5f3de6d\" data-element_type=\"widget\" data-widget_type=\"heading.default\">\n\t\t\t\t<div class=\"elementor-widget-container\">\n\t\t\t\t\t<h3 class=\"elementor-heading-title elementor-size-default\">Beneficios comerciales<\/h3>\t\t\t\t<\/div>\n\t\t\t\t<\/div>\n\t\t\t\t<div class=\"elementor-element elementor-element-c7c26f2 elementor-widget elementor-widget-text-editor\" data-id=\"c7c26f2\" data-element_type=\"widget\" data-widget_type=\"text-editor.default\">\n\t\t\t\t<div class=\"elementor-widget-container\">\n\t\t\t\t\t\t\t\t\t<ul><li>Estrategia personalizada: Cada hotel tiene su propia voz. Creamos estrategias personalizadas que reflejan la esencia de tu hotel.<\/li><li>Gesti\u00f3n de channel manager y motor de reservas: Integraci\u00f3n con diferentes plataformas de reservas (OTAs, motor de reservas propio, etc.). Actualizaci\u00f3n de disponibilidad y precios en tiempo real. Centralizaci\u00f3n de la gesti\u00f3n de reservas desde diversas fuentes.<\/li><li>Estrategia de contenidos: Optimizaci\u00f3n de Tarifas, establecer precios din\u00e1micos basados en la demanda, uso de estrategias de precios competitivos. Expansi\u00f3n del Alcance, conexi\u00f3n con m\u00faltiples OTA\u00b4s para maximizar la visibilidad, identificaci\u00f3n de nichos de mercado espec\u00edficos. Promociones y descuentos, creaci\u00f3n de ofertas atractivas para captar m\u00e1s reservas, configuraci\u00f3n de paquetes especiales para atraer a diferentes tipos de clientes<\/li><li>Posicionamiento en reviews: Dise\u00f1o de trabajo conjunto para mayor conformidad de sus hu\u00e9spedes<\/li><\/ul>\t\t\t\t\t\t\t\t<\/div>\n\t\t\t\t<\/div>\n\t\t\t\t\t<\/div>\n\t\t<\/div>\n\t\t\t\t<div class=\"elementor-column elementor-col-50 elementor-inner-column elementor-element elementor-element-3c0eeb8\" data-id=\"3c0eeb8\" data-element_type=\"column\">\n\t\t\t<div class=\"elementor-widget-wrap elementor-element-populated\">\n\t\t\t\t\t\t<div class=\"elementor-element elementor-element-b15a26a elementor-widget elementor-widget-image\" data-id=\"b15a26a\" data-element_type=\"widget\" data-widget_type=\"image.default\">\n\t\t\t\t<div class=\"elementor-widget-container\">\n\t\t\t\t\t\t\t\t\t\t\t\t\t\t\t<img decoding=\"async\" width=\"800\" height=\"450\" src=\"https:\/\/seresturbolivia.com\/wp-content\/uploads\/2026\/03\/Serestur-Web-Management.jpg\" class=\"attachment-large size-large wp-image-1968\" alt=\"\" srcset=\"https:\/\/seresturbolivia.com\/wp-content\/uploads\/2026\/03\/Serestur-Web-Management.jpg 800w, https:\/\/seresturbolivia.com\/wp-content\/uploads\/2026\/03\/Serestur-Web-Management-300x169.jpg 300w, https:\/\/seresturbolivia.com\/wp-content\/uploads\/2026\/03\/Serestur-Web-Management-768x432.jpg 768w, https:\/\/seresturbolivia.com\/wp-content\/uploads\/2026\/03\/Serestur-Web-Management-18x10.jpg 18w, https:\/\/seresturbolivia.com\/wp-content\/uploads\/2026\/03\/Serestur-Web-Management-230x129.jpg 230w, https:\/\/seresturbolivia.com\/wp-content\/uploads\/2026\/03\/Serestur-Web-Management-350x197.jpg 350w, https:\/\/seresturbolivia.com\/wp-content\/uploads\/2026\/03\/Serestur-Web-Management-480x270.jpg 480w\" sizes=\"(max-width: 800px) 100vw, 800px\" \/>\t\t\t\t\t\t\t\t\t\t\t\t\t\t\t<\/div>\n\t\t\t\t<\/div>\n\t\t\t\t\t<\/div>\n\t\t<\/div>\n\t\t\t\t\t<\/div>\n\t\t<\/section>\n\t\t\t\t\t<\/div>\n\t\t<\/div>\n\t\t\t\t\t<\/div>\n\t\t<\/section>\n\t\t\t\t<section class=\"elementor-section elementor-top-section elementor-element elementor-element-8321ce0 elementor-section-boxed elementor-section-height-default elementor-section-height-default\" data-id=\"8321ce0\" data-element_type=\"section\">\n\t\t\t\t\t\t<div class=\"elementor-container elementor-column-gap-default\">\n\t\t\t\t\t<div class=\"elementor-column elementor-col-100 elementor-top-column elementor-element elementor-element-77c6117\" data-id=\"77c6117\" data-element_type=\"column\">\n\t\t\t<div class=\"elementor-widget-wrap elementor-element-populated\">\n\t\t\t\t\t\t<div class=\"elementor-element elementor-element-e1dee72 elementor-widget elementor-widget-heading\" data-id=\"e1dee72\" data-element_type=\"widget\" data-widget_type=\"heading.default\">\n\t\t\t\t<div class=\"elementor-widget-container\">\n\t\t\t\t\t<h3 class=\"elementor-heading-title elementor-size-default\">Beneficios administrativos<\/h3>\t\t\t\t<\/div>\n\t\t\t\t<\/div>\n\t\t\t\t<div class=\"elementor-element elementor-element-05b9ac6 elementor-widget elementor-widget-text-editor\" data-id=\"05b9ac6\" data-element_type=\"widget\" data-widget_type=\"text-editor.default\">\n\t\t\t\t<div class=\"elementor-widget-container\">\n\t\t\t\t\t\t\t\t\t<ul><li>An\u00e1lisis y reportes, proporcionamos an\u00e1lisis detallados del rendimiento de tus ventas, asegurando que siempre est\u00e9s al tanto de los resultados. La importancia de las m\u00e9tricas de rendimiento (occupancy rate, ADR, RevPAR). An\u00e1lisis de las tendencias de reservas y comportamiento del cliente, c\u00f3mo el an\u00e1lisis de datos ayuda a la toma de decisiones informadas para ventas.<\/li><li>Pagos y comisiones, te liberamos de los pagos en el exterior de las comisiones de OTA\u00b4S y Motor de Reservas.<\/li><li>Recibes tu dinero donde prefieras, en tus cuentas en $us. en el extranjero y \/o en tus cuentas en Bs. en Bolivia<\/li><\/ul>\t\t\t\t\t\t\t\t<\/div>\n\t\t\t\t<\/div>\n\t\t\t\t<div class=\"elementor-element elementor-element-25e7311 elementor-widget elementor-widget-heading\" data-id=\"25e7311\" data-element_type=\"widget\" data-widget_type=\"heading.default\">\n\t\t\t\t<div class=\"elementor-widget-container\">\n\t\t\t\t\t<h3 class=\"elementor-heading-title elementor-size-default\">\u00a1Cont\u00e1ctanos para potenciar la presencia de su hotel en canales de reserva!<\/h3>\t\t\t\t<\/div>\n\t\t\t\t<\/div>\n\t\t\t\t\t<\/div>\n\t\t<\/div>\n\t\t\t\t\t<\/div>\n\t\t<\/section>\n\t\t\t\t<\/div>","protected":false},"excerpt":{"rendered":"<p>Connecting your hotel through digital bookings. SERESTUR, a hotel consultancy with over 15 years of experience in the Bolivian market, has developed [&hellip;]<\/p>","protected":false},"author":1,"featured_media":0,"parent":0,"menu_order":0,"comment_status":"closed","ping_status":"closed","template":"page-templates\/page_front-page.php","meta":{"om_disable_all_campaigns":false,"_monsterinsights_skip_tracking":false,"_monsterinsights_sitenote_active":false,"_monsterinsights_sitenote_note":"","_monsterinsights_sitenote_category":0,"footnotes":""},"class_list":["post-1945","page","type-page","status-publish","hentry"],"yoast_head":"<!-- This site is optimized with the Yoast SEO plugin v26.8 - https:\/\/yoast.com\/product\/yoast-seo-wordpress\/ -->\n<title>Serestur Web Management - Serestur S.A<\/title>\n<meta name=\"robots\" content=\"index, follow, max-snippet:-1, max-image-preview:large, max-video-preview:-1\" \/>\n<link rel=\"canonical\" href=\"https:\/\/seresturbolivia.com\/es\/serestur-web-management\/\" \/>\n<meta property=\"og:locale\" content=\"es_ES\" \/>\n<meta property=\"og:type\" content=\"article\" \/>\n<meta property=\"og:title\" content=\"Serestur Web Management - Serestur S.A\" \/>\n<meta property=\"og:description\" content=\"Connecting your hotel through digital bookings. SERESTUR, a hotel consultancy with over 15 years of experience in the Bolivian market, has developed [&hellip;]\" \/>\n<meta property=\"og:url\" content=\"https:\/\/seresturbolivia.com\/es\/serestur-web-management\/\" \/>\n<meta property=\"og:site_name\" content=\"Serestur S.A\" \/>\n<meta property=\"article:publisher\" content=\"https:\/\/www.facebook.com\/seresturbolivia\" \/>\n<meta property=\"article:modified_time\" content=\"2026-03-17T18:41:50+00:00\" \/>\n<meta property=\"og:image\" content=\"https:\/\/seresturbolivia.com\/wp-content\/uploads\/2026\/03\/Serestur-Web-Management.png\" \/>\n\t<meta property=\"og:image:width\" content=\"1000\" \/>\n\t<meta property=\"og:image:height\" content=\"241\" \/>\n\t<meta property=\"og:image:type\" content=\"image\/png\" \/>\n<meta name=\"twitter:card\" content=\"summary_large_image\" \/>\n<meta name=\"twitter:label1\" content=\"Tiempo de lectura\" \/>\n\t<meta name=\"twitter:data1\" content=\"2 minutos\" \/>\n<script type=\"application\/ld+json\" class=\"yoast-schema-graph\">{\"@context\":\"https:\/\/schema.org\",\"@graph\":[{\"@type\":\"WebPage\",\"@id\":\"https:\/\/seresturbolivia.com\/serestur-web-management\/\",\"url\":\"https:\/\/seresturbolivia.com\/serestur-web-management\/\",\"name\":\"Serestur Web Management - Serestur S.A\",\"isPartOf\":{\"@id\":\"https:\/\/seresturbolivia.com\/#website\"},\"primaryImageOfPage\":{\"@id\":\"https:\/\/seresturbolivia.com\/serestur-web-management\/#primaryimage\"},\"image\":{\"@id\":\"https:\/\/seresturbolivia.com\/serestur-web-management\/#primaryimage\"},\"thumbnailUrl\":\"https:\/\/seresturbolivia.com\/wp-content\/uploads\/2026\/03\/Serestur-Web-Management.png\",\"datePublished\":\"2026-03-17T17:51:41+00:00\",\"dateModified\":\"2026-03-17T18:41:50+00:00\",\"breadcrumb\":{\"@id\":\"https:\/\/seresturbolivia.com\/serestur-web-management\/#breadcrumb\"},\"inLanguage\":\"es\",\"potentialAction\":[{\"@type\":\"ReadAction\",\"target\":[\"https:\/\/seresturbolivia.com\/serestur-web-management\/\"]}]},{\"@type\":\"ImageObject\",\"inLanguage\":\"es\",\"@id\":\"https:\/\/seresturbolivia.com\/serestur-web-management\/#primaryimage\",\"url\":\"https:\/\/seresturbolivia.com\/wp-content\/uploads\/2026\/03\/Serestur-Web-Management.png\",\"contentUrl\":\"https:\/\/seresturbolivia.com\/wp-content\/uploads\/2026\/03\/Serestur-Web-Management.png\"},{\"@type\":\"BreadcrumbList\",\"@id\":\"https:\/\/seresturbolivia.com\/serestur-web-management\/#breadcrumb\",\"itemListElement\":[{\"@type\":\"ListItem\",\"position\":1,\"name\":\"Inicio\",\"item\":\"https:\/\/seresturbolivia.com\/\"},{\"@type\":\"ListItem\",\"position\":2,\"name\":\"Serestur Web Management\"}]},{\"@type\":\"WebSite\",\"@id\":\"https:\/\/seresturbolivia.com\/#website\",\"url\":\"https:\/\/seresturbolivia.com\/\",\"name\":\"Serestur S.A\",\"description\":\"Servicios Estrat\u00e9gicos de Hoteler\u00eda y Turismo\",\"publisher\":{\"@id\":\"https:\/\/seresturbolivia.com\/#organization\"},\"potentialAction\":[{\"@type\":\"SearchAction\",\"target\":{\"@type\":\"EntryPoint\",\"urlTemplate\":\"https:\/\/seresturbolivia.com\/?s={search_term_string}\"},\"query-input\":{\"@type\":\"PropertyValueSpecification\",\"valueRequired\":true,\"valueName\":\"search_term_string\"}}],\"inLanguage\":\"es\"},{\"@type\":\"Organization\",\"@id\":\"https:\/\/seresturbolivia.com\/#organization\",\"name\":\"Serestur S.A\",\"alternateName\":\"Serestur Bolivia\",\"url\":\"https:\/\/seresturbolivia.com\/\",\"logo\":{\"@type\":\"ImageObject\",\"inLanguage\":\"es\",\"@id\":\"https:\/\/seresturbolivia.com\/#\/schema\/logo\/image\/\",\"url\":\"http:\/\/seresturbolivia.com\/wp-content\/uploads\/2023\/04\/Bolivia-Serestur.jpg\",\"contentUrl\":\"http:\/\/seresturbolivia.com\/wp-content\/uploads\/2023\/04\/Bolivia-Serestur.jpg\",\"width\":600,\"height\":600,\"caption\":\"Serestur S.A\"},\"image\":{\"@id\":\"https:\/\/seresturbolivia.com\/#\/schema\/logo\/image\/\"},\"sameAs\":[\"https:\/\/www.facebook.com\/seresturbolivia\"]}]}<\/script>\n<!-- \/ Yoast SEO plugin. -->","yoast_head_json":{"title":"Serestur Web Management - Serestur S.A","robots":{"index":"index","follow":"follow","max-snippet":"max-snippet:-1","max-image-preview":"max-image-preview:large","max-video-preview":"max-video-preview:-1"},"canonical":"https:\/\/seresturbolivia.com\/es\/serestur-web-management\/","og_locale":"es_ES","og_type":"article","og_title":"Serestur Web Management - Serestur S.A","og_description":"Connecting your hotel through digital bookings. SERESTUR, a hotel consultancy with over 15 years of experience in the Bolivian market, has developed [&hellip;]","og_url":"https:\/\/seresturbolivia.com\/es\/serestur-web-management\/","og_site_name":"Serestur S.A","article_publisher":"https:\/\/www.facebook.com\/seresturbolivia","article_modified_time":"2026-03-17T18:41:50+00:00","og_image":[{"width":1000,"height":241,"url":"https:\/\/seresturbolivia.com\/wp-content\/uploads\/2026\/03\/Serestur-Web-Management.png","type":"image\/png"}],"twitter_card":"summary_large_image","twitter_misc":{"Tiempo de lectura":"2 minutos"},"schema":{"@context":"https:\/\/schema.org","@graph":[{"@type":"WebPage","@id":"https:\/\/seresturbolivia.com\/serestur-web-management\/","url":"https:\/\/seresturbolivia.com\/serestur-web-management\/","name":"Serestur Web Management - Serestur S.A","isPartOf":{"@id":"https:\/\/seresturbolivia.com\/#website"},"primaryImageOfPage":{"@id":"https:\/\/seresturbolivia.com\/serestur-web-management\/#primaryimage"},"image":{"@id":"https:\/\/seresturbolivia.com\/serestur-web-management\/#primaryimage"},"thumbnailUrl":"https:\/\/seresturbolivia.com\/wp-content\/uploads\/2026\/03\/Serestur-Web-Management.png","datePublished":"2026-03-17T17:51:41+00:00","dateModified":"2026-03-17T18:41:50+00:00","breadcrumb":{"@id":"https:\/\/seresturbolivia.com\/serestur-web-management\/#breadcrumb"},"inLanguage":"es","potentialAction":[{"@type":"ReadAction","target":["https:\/\/seresturbolivia.com\/serestur-web-management\/"]}]},{"@type":"ImageObject","inLanguage":"es","@id":"https:\/\/seresturbolivia.com\/serestur-web-management\/#primaryimage","url":"https:\/\/seresturbolivia.com\/wp-content\/uploads\/2026\/03\/Serestur-Web-Management.png","contentUrl":"https:\/\/seresturbolivia.com\/wp-content\/uploads\/2026\/03\/Serestur-Web-Management.png"},{"@type":"BreadcrumbList","@id":"https:\/\/seresturbolivia.com\/serestur-web-management\/#breadcrumb","itemListElement":[{"@type":"ListItem","position":1,"name":"Inicio","item":"https:\/\/seresturbolivia.com\/"},{"@type":"ListItem","position":2,"name":"Serestur Web Management"}]},{"@type":"WebSite","@id":"https:\/\/seresturbolivia.com\/#website","url":"https:\/\/seresturbolivia.com\/","name":"Serestur S.A","description":"Servicios Estrat\u00e9gicos de Hoteler\u00eda y Turismo","publisher":{"@id":"https:\/\/seresturbolivia.com\/#organization"},"potentialAction":[{"@type":"SearchAction","target":{"@type":"EntryPoint","urlTemplate":"https:\/\/seresturbolivia.com\/?s={search_term_string}"},"query-input":{"@type":"PropertyValueSpecification","valueRequired":true,"valueName":"search_term_string"}}],"inLanguage":"es"},{"@type":"Organization","@id":"https:\/\/seresturbolivia.com\/#organization","name":"Serestur S.A","alternateName":"Serestur Bolivia","url":"https:\/\/seresturbolivia.com\/","logo":{"@type":"ImageObject","inLanguage":"es","@id":"https:\/\/seresturbolivia.com\/#\/schema\/logo\/image\/","url":"http:\/\/seresturbolivia.com\/wp-content\/uploads\/2023\/04\/Bolivia-Serestur.jpg","contentUrl":"http:\/\/seresturbolivia.com\/wp-content\/uploads\/2023\/04\/Bolivia-Serestur.jpg","width":600,"height":600,"caption":"Serestur S.A"},"image":{"@id":"https:\/\/seresturbolivia.com\/#\/schema\/logo\/image\/"},"sameAs":["https:\/\/www.facebook.com\/seresturbolivia"]}]}},"_links":{"self":[{"href":"https:\/\/seresturbolivia.com\/es\/wp-json\/wp\/v2\/pages\/1945","targetHints":{"allow":["GET"]}}],"collection":[{"href":"https:\/\/seresturbolivia.com\/es\/wp-json\/wp\/v2\/pages"}],"about":[{"href":"https:\/\/seresturbolivia.com\/es\/wp-json\/wp\/v2\/types\/page"}],"author":[{"embeddable":true,"href":"https:\/\/seresturbolivia.com\/es\/wp-json\/wp\/v2\/users\/1"}],"replies":[{"embeddable":true,"href":"https:\/\/seresturbolivia.com\/es\/wp-json\/wp\/v2\/comments?post=1945"}],"version-history":[{"count":22,"href":"https:\/\/seresturbolivia.com\/es\/wp-json\/wp\/v2\/pages\/1945\/revisions"}],"predecessor-version":[{"id":1987,"href":"https:\/\/seresturbolivia.com\/es\/wp-json\/wp\/v2\/pages\/1945\/revisions\/1987"}],"wp:attachment":[{"href":"https:\/\/seresturbolivia.com\/es\/wp-json\/wp\/v2\/media?parent=1945"}],"curies":[{"name":"wp","href":"https:\/\/api.w.org\/{rel}","templated":true}]}}