{"id":1933,"date":"2026-03-16T23:55:11","date_gmt":"2026-03-16T23:55:11","guid":{"rendered":"https:\/\/seresturbolivia.com\/?page_id=1933"},"modified":"2026-03-17T18:16:56","modified_gmt":"2026-03-17T18:16:56","slug":"hotel-consulting","status":"publish","type":"page","link":"https:\/\/seresturbolivia.com\/es\/hotel-consulting\/","title":{"rendered":"Consultor\u00edas en Hoteler\u00eda"},"content":{"rendered":"<div data-elementor-type=\"wp-page\" data-elementor-id=\"1933\" class=\"elementor elementor-1933\">\n\t\t\t\t\t\t<section class=\"elementor-section elementor-top-section elementor-element elementor-element-c6ad1e6 elementor-section-boxed elementor-section-height-default elementor-section-height-default\" data-id=\"c6ad1e6\" data-element_type=\"section\">\n\t\t\t\t\t\t<div class=\"elementor-container elementor-column-gap-default\">\n\t\t\t\t\t<div class=\"elementor-column elementor-col-100 elementor-top-column elementor-element elementor-element-86b1926\" data-id=\"86b1926\" data-element_type=\"column\">\n\t\t\t<div class=\"elementor-widget-wrap elementor-element-populated\">\n\t\t\t\t\t\t<div class=\"elementor-element elementor-element-e610950 elementor-widget elementor-widget-heading\" data-id=\"e610950\" data-element_type=\"widget\" data-widget_type=\"heading.default\">\n\t\t\t\t<div class=\"elementor-widget-container\">\n\t\t\t\t\t<h1 class=\"elementor-heading-title elementor-size-default\">Consultor\u00edas en Hoteler\u00eda<\/h1>\t\t\t\t<\/div>\n\t\t\t\t<\/div>\n\t\t\t\t\t<\/div>\n\t\t<\/div>\n\t\t\t\t\t<\/div>\n\t\t<\/section>\n\t\t\t\t<section class=\"elementor-section elementor-top-section elementor-element elementor-element-886a2be elementor-section-full_width elementor-section-height-default elementor-section-height-default\" data-id=\"886a2be\" data-element_type=\"section\">\n\t\t\t\t\t\t<div class=\"elementor-container elementor-column-gap-default\">\n\t\t\t\t\t<div class=\"elementor-column elementor-col-100 elementor-top-column elementor-element elementor-element-6669866\" data-id=\"6669866\" data-element_type=\"column\">\n\t\t\t<div class=\"elementor-widget-wrap elementor-element-populated\">\n\t\t\t\t\t\t<section class=\"elementor-section elementor-inner-section elementor-element elementor-element-2c22e95 elementor-section-full_width elementor-section-height-default elementor-section-height-default\" data-id=\"2c22e95\" data-element_type=\"section\">\n\t\t\t\t\t\t<div class=\"elementor-container elementor-column-gap-default\">\n\t\t\t\t\t<div class=\"elementor-column elementor-col-50 elementor-inner-column elementor-element elementor-element-34e000b\" data-id=\"34e000b\" data-element_type=\"column\">\n\t\t\t<div class=\"elementor-widget-wrap elementor-element-populated\">\n\t\t\t\t\t\t<div class=\"elementor-element elementor-element-823513b elementor-arrows-position-inside elementor-widget elementor-widget-image-carousel\" data-id=\"823513b\" data-element_type=\"widget\" data-settings=\"{&quot;slides_to_show&quot;:&quot;1&quot;,&quot;navigation&quot;:&quot;arrows&quot;,&quot;autoplay&quot;:&quot;yes&quot;,&quot;pause_on_hover&quot;:&quot;yes&quot;,&quot;pause_on_interaction&quot;:&quot;yes&quot;,&quot;autoplay_speed&quot;:5000,&quot;infinite&quot;:&quot;yes&quot;,&quot;effect&quot;:&quot;slide&quot;,&quot;speed&quot;:500}\" data-widget_type=\"image-carousel.default\">\n\t\t\t\t<div class=\"elementor-widget-container\">\n\t\t\t\t\t\t\t<div class=\"elementor-image-carousel-wrapper swiper\" role=\"region\" aria-roledescription=\"carousel\" aria-label=\"Carrusel de Im\u00e1genes\" dir=\"ltr\">\n\t\t\t<div class=\"elementor-image-carousel swiper-wrapper\" aria-live=\"off\">\n\t\t\t\t\t\t\t\t<div class=\"swiper-slide\" role=\"group\" aria-roledescription=\"slide\" aria-label=\"1 de 2\"><figure class=\"swiper-slide-inner\"><img decoding=\"async\" class=\"swiper-slide-image\" src=\"https:\/\/seresturbolivia.com\/wp-content\/uploads\/2026\/03\/Hotel-Consulting-1.jpg\" alt=\"Hotel Consulting-1\" \/><\/figure><\/div><div class=\"swiper-slide\" role=\"group\" aria-roledescription=\"slide\" aria-label=\"2 de 2\"><figure class=\"swiper-slide-inner\"><img decoding=\"async\" class=\"swiper-slide-image\" src=\"https:\/\/seresturbolivia.com\/wp-content\/uploads\/2026\/03\/Hotel-Consulting-2.jpg\" alt=\"Hotel Consulting-2\" \/><\/figure><\/div>\t\t\t<\/div>\n\t\t\t\t\t\t\t\t\t\t\t\t<div class=\"elementor-swiper-button elementor-swiper-button-prev\" role=\"button\" tabindex=\"0\">\n\t\t\t\t\t\t<i aria-hidden=\"true\" class=\"eicon-chevron-left\"><\/i>\t\t\t\t\t<\/div>\n\t\t\t\t\t<div class=\"elementor-swiper-button elementor-swiper-button-next\" role=\"button\" tabindex=\"0\">\n\t\t\t\t\t\t<i aria-hidden=\"true\" class=\"eicon-chevron-right\"><\/i>\t\t\t\t\t<\/div>\n\t\t\t\t\n\t\t\t\t\t\t\t\t\t<\/div>\n\t\t\t\t\t\t<\/div>\n\t\t\t\t<\/div>\n\t\t\t\t\t<\/div>\n\t\t<\/div>\n\t\t\t\t<div class=\"elementor-column elementor-col-50 elementor-inner-column elementor-element elementor-element-71f738f\" data-id=\"71f738f\" data-element_type=\"column\">\n\t\t\t<div class=\"elementor-widget-wrap elementor-element-populated\">\n\t\t\t\t\t\t<div class=\"elementor-element elementor-element-45bb021 elementor-widget elementor-widget-text-editor\" data-id=\"45bb021\" data-element_type=\"widget\" data-widget_type=\"text-editor.default\">\n\t\t\t\t<div class=\"elementor-widget-container\">\n\t\t\t\t\t\t\t\t\t<p>En SERESTUR, con m\u00e1s de 15 a\u00f1os en manejo hotelero, nos especializamos en brindar consultor\u00edas integrales para el sector hotelero, ayudando a nuestros clientes a maximizar su potencial y alcanzar el \u00e9xito. Nuestra experiencia abarca diversas \u00e1reas clave, incluyendo:<\/p>\t\t\t\t\t\t\t\t<\/div>\n\t\t\t\t<\/div>\n\t\t\t\t<div class=\"elementor-element elementor-element-ab03f04 elementor-widget elementor-widget-text-editor\" data-id=\"ab03f04\" data-element_type=\"widget\" data-widget_type=\"text-editor.default\">\n\t\t\t\t<div class=\"elementor-widget-container\">\n\t\t\t\t\t\t\t\t\t<ul><li>An\u00e1lisis de Mercado: Realizamos estudios detallados del mercado para identificar oportunidades y tendencias que impulsan el crecimiento de su negocio.<\/li><li>Dise\u00f1o de Nuevos Hoteles: Colaboramos en la creaci\u00f3n de conceptos innovadores y atractivos que se alineen con las expectativas del mercado y las necesidades de los hu\u00e9spedes.<\/li><li>Gerenciamiento: Ofrecemos estrategias de gesti\u00f3n efectivas para optimizar operaciones, mejorar la rentabilidad y garantizar un servicio excepcional.<\/li><li>Plan de Acompa\u00f1amiento Comercial, Operativo y Administrativo: Desarrollamos planes personalizados que aseguran un acompa\u00f1amiento continuo, facilitando la implementaci\u00f3n de estrategias efectivas en todas las \u00e1reas de su hotel.<\/li><li>Manuales de Funciones, Procedimientos y Procesos: Proporcionamos documentaci\u00f3n clara y concisa que estandariza las operaciones y asegura la calidad y consistencia en el servicio, los acompa\u00f1amos en su implementaci\u00f3n<\/li><\/ul>\t\t\t\t\t\t\t\t<\/div>\n\t\t\t\t<\/div>\n\t\t\t\t<div class=\"elementor-element elementor-element-03f71de elementor-widget elementor-widget-text-editor\" data-id=\"03f71de\" data-element_type=\"widget\" data-widget_type=\"text-editor.default\">\n\t\t\t\t<div class=\"elementor-widget-container\">\n\t\t\t\t\t\t\t\t\t<p>En SERESTUR, nuestra misi\u00f3n es convertir su visi\u00f3n en realidad, ofreciendo soluciones personalizadas que se adapten a las particularidades de su proyecto. Cont\u00e1ctenos para descubrir c\u00f3mo podemos ayudarle a llevar su hotel al siguiente nivel.<\/p>\t\t\t\t\t\t\t\t<\/div>\n\t\t\t\t<\/div>\n\t\t\t\t\t<\/div>\n\t\t<\/div>\n\t\t\t\t\t<\/div>\n\t\t<\/section>\n\t\t\t\t\t<\/div>\n\t\t<\/div>\n\t\t\t\t\t<\/div>\n\t\t<\/section>\n\t\t\t\t<\/div>","protected":false},"excerpt":{"rendered":"<p>Hotel Consulting At SERESTUR, with over 15 years of experience in hotel management, we specialize in providing comprehensive consulting services to the [&hellip;]<\/p>","protected":false},"author":1,"featured_media":0,"parent":0,"menu_order":0,"comment_status":"closed","ping_status":"closed","template":"page-templates\/page_front-page.php","meta":{"om_disable_all_campaigns":false,"_monsterinsights_skip_tracking":false,"_monsterinsights_sitenote_active":false,"_monsterinsights_sitenote_note":"","_monsterinsights_sitenote_category":0,"footnotes":""},"class_list":["post-1933","page","type-page","status-publish","hentry"],"yoast_head":"<!-- This site is optimized with the Yoast SEO plugin v26.8 - https:\/\/yoast.com\/product\/yoast-seo-wordpress\/ -->\n<title>Hotel Consulting - Serestur S.A<\/title>\n<meta name=\"robots\" content=\"index, follow, max-snippet:-1, max-image-preview:large, max-video-preview:-1\" \/>\n<link rel=\"canonical\" href=\"https:\/\/seresturbolivia.com\/es\/hotel-consulting\/\" \/>\n<meta property=\"og:locale\" content=\"es_ES\" \/>\n<meta property=\"og:type\" content=\"article\" \/>\n<meta property=\"og:title\" content=\"Hotel Consulting - Serestur S.A\" \/>\n<meta property=\"og:description\" content=\"Hotel Consulting At SERESTUR, with over 15 years of experience in hotel management, we specialize in providing comprehensive consulting services to the [&hellip;]\" \/>\n<meta property=\"og:url\" content=\"https:\/\/seresturbolivia.com\/es\/hotel-consulting\/\" \/>\n<meta property=\"og:site_name\" content=\"Serestur S.A\" \/>\n<meta property=\"article:publisher\" content=\"https:\/\/www.facebook.com\/seresturbolivia\" \/>\n<meta property=\"article:modified_time\" content=\"2026-03-17T18:16:56+00:00\" \/>\n<meta property=\"og:image\" content=\"https:\/\/seresturbolivia.com\/wp-content\/uploads\/2026\/03\/Hotel-Consulting-1.jpg\" \/>\n<meta name=\"twitter:card\" content=\"summary_large_image\" \/>\n<meta name=\"twitter:label1\" content=\"Tiempo de lectura\" \/>\n\t<meta name=\"twitter:data1\" content=\"2 minutos\" \/>\n<script type=\"application\/ld+json\" class=\"yoast-schema-graph\">{\"@context\":\"https:\/\/schema.org\",\"@graph\":[{\"@type\":\"WebPage\",\"@id\":\"https:\/\/seresturbolivia.com\/hotel-consulting\/\",\"url\":\"https:\/\/seresturbolivia.com\/hotel-consulting\/\",\"name\":\"Hotel Consulting - Serestur S.A\",\"isPartOf\":{\"@id\":\"https:\/\/seresturbolivia.com\/#website\"},\"primaryImageOfPage\":{\"@id\":\"https:\/\/seresturbolivia.com\/hotel-consulting\/#primaryimage\"},\"image\":{\"@id\":\"https:\/\/seresturbolivia.com\/hotel-consulting\/#primaryimage\"},\"thumbnailUrl\":\"https:\/\/seresturbolivia.com\/wp-content\/uploads\/2026\/03\/Hotel-Consulting-1.jpg\",\"datePublished\":\"2026-03-16T23:55:11+00:00\",\"dateModified\":\"2026-03-17T18:16:56+00:00\",\"breadcrumb\":{\"@id\":\"https:\/\/seresturbolivia.com\/hotel-consulting\/#breadcrumb\"},\"inLanguage\":\"es\",\"potentialAction\":[{\"@type\":\"ReadAction\",\"target\":[\"https:\/\/seresturbolivia.com\/hotel-consulting\/\"]}]},{\"@type\":\"ImageObject\",\"inLanguage\":\"es\",\"@id\":\"https:\/\/seresturbolivia.com\/hotel-consulting\/#primaryimage\",\"url\":\"https:\/\/seresturbolivia.com\/wp-content\/uploads\/2026\/03\/Hotel-Consulting-1.jpg\",\"contentUrl\":\"https:\/\/seresturbolivia.com\/wp-content\/uploads\/2026\/03\/Hotel-Consulting-1.jpg\"},{\"@type\":\"BreadcrumbList\",\"@id\":\"https:\/\/seresturbolivia.com\/hotel-consulting\/#breadcrumb\",\"itemListElement\":[{\"@type\":\"ListItem\",\"position\":1,\"name\":\"Inicio\",\"item\":\"https:\/\/seresturbolivia.com\/\"},{\"@type\":\"ListItem\",\"position\":2,\"name\":\"Hotel Consulting\"}]},{\"@type\":\"WebSite\",\"@id\":\"https:\/\/seresturbolivia.com\/#website\",\"url\":\"https:\/\/seresturbolivia.com\/\",\"name\":\"Serestur S.A\",\"description\":\"Servicios Estrat\u00e9gicos de Hoteler\u00eda y Turismo\",\"publisher\":{\"@id\":\"https:\/\/seresturbolivia.com\/#organization\"},\"potentialAction\":[{\"@type\":\"SearchAction\",\"target\":{\"@type\":\"EntryPoint\",\"urlTemplate\":\"https:\/\/seresturbolivia.com\/?s={search_term_string}\"},\"query-input\":{\"@type\":\"PropertyValueSpecification\",\"valueRequired\":true,\"valueName\":\"search_term_string\"}}],\"inLanguage\":\"es\"},{\"@type\":\"Organization\",\"@id\":\"https:\/\/seresturbolivia.com\/#organization\",\"name\":\"Serestur S.A\",\"alternateName\":\"Serestur Bolivia\",\"url\":\"https:\/\/seresturbolivia.com\/\",\"logo\":{\"@type\":\"ImageObject\",\"inLanguage\":\"es\",\"@id\":\"https:\/\/seresturbolivia.com\/#\/schema\/logo\/image\/\",\"url\":\"http:\/\/seresturbolivia.com\/wp-content\/uploads\/2023\/04\/Bolivia-Serestur.jpg\",\"contentUrl\":\"http:\/\/seresturbolivia.com\/wp-content\/uploads\/2023\/04\/Bolivia-Serestur.jpg\",\"width\":600,\"height\":600,\"caption\":\"Serestur S.A\"},\"image\":{\"@id\":\"https:\/\/seresturbolivia.com\/#\/schema\/logo\/image\/\"},\"sameAs\":[\"https:\/\/www.facebook.com\/seresturbolivia\"]}]}<\/script>\n<!-- \/ Yoast SEO plugin. -->","yoast_head_json":{"title":"Hotel Consulting - Serestur S.A","robots":{"index":"index","follow":"follow","max-snippet":"max-snippet:-1","max-image-preview":"max-image-preview:large","max-video-preview":"max-video-preview:-1"},"canonical":"https:\/\/seresturbolivia.com\/es\/hotel-consulting\/","og_locale":"es_ES","og_type":"article","og_title":"Hotel Consulting - Serestur S.A","og_description":"Hotel Consulting At SERESTUR, with over 15 years of experience in hotel management, we specialize in providing comprehensive consulting services to the [&hellip;]","og_url":"https:\/\/seresturbolivia.com\/es\/hotel-consulting\/","og_site_name":"Serestur S.A","article_publisher":"https:\/\/www.facebook.com\/seresturbolivia","article_modified_time":"2026-03-17T18:16:56+00:00","og_image":[{"url":"https:\/\/seresturbolivia.com\/wp-content\/uploads\/2026\/03\/Hotel-Consulting-1.jpg","type":"","width":"","height":""}],"twitter_card":"summary_large_image","twitter_misc":{"Tiempo de lectura":"2 minutos"},"schema":{"@context":"https:\/\/schema.org","@graph":[{"@type":"WebPage","@id":"https:\/\/seresturbolivia.com\/hotel-consulting\/","url":"https:\/\/seresturbolivia.com\/hotel-consulting\/","name":"Hotel Consulting - Serestur S.A","isPartOf":{"@id":"https:\/\/seresturbolivia.com\/#website"},"primaryImageOfPage":{"@id":"https:\/\/seresturbolivia.com\/hotel-consulting\/#primaryimage"},"image":{"@id":"https:\/\/seresturbolivia.com\/hotel-consulting\/#primaryimage"},"thumbnailUrl":"https:\/\/seresturbolivia.com\/wp-content\/uploads\/2026\/03\/Hotel-Consulting-1.jpg","datePublished":"2026-03-16T23:55:11+00:00","dateModified":"2026-03-17T18:16:56+00:00","breadcrumb":{"@id":"https:\/\/seresturbolivia.com\/hotel-consulting\/#breadcrumb"},"inLanguage":"es","potentialAction":[{"@type":"ReadAction","target":["https:\/\/seresturbolivia.com\/hotel-consulting\/"]}]},{"@type":"ImageObject","inLanguage":"es","@id":"https:\/\/seresturbolivia.com\/hotel-consulting\/#primaryimage","url":"https:\/\/seresturbolivia.com\/wp-content\/uploads\/2026\/03\/Hotel-Consulting-1.jpg","contentUrl":"https:\/\/seresturbolivia.com\/wp-content\/uploads\/2026\/03\/Hotel-Consulting-1.jpg"},{"@type":"BreadcrumbList","@id":"https:\/\/seresturbolivia.com\/hotel-consulting\/#breadcrumb","itemListElement":[{"@type":"ListItem","position":1,"name":"Inicio","item":"https:\/\/seresturbolivia.com\/"},{"@type":"ListItem","position":2,"name":"Hotel Consulting"}]},{"@type":"WebSite","@id":"https:\/\/seresturbolivia.com\/#website","url":"https:\/\/seresturbolivia.com\/","name":"Serestur S.A","description":"Servicios Estrat\u00e9gicos de Hoteler\u00eda y Turismo","publisher":{"@id":"https:\/\/seresturbolivia.com\/#organization"},"potentialAction":[{"@type":"SearchAction","target":{"@type":"EntryPoint","urlTemplate":"https:\/\/seresturbolivia.com\/?s={search_term_string}"},"query-input":{"@type":"PropertyValueSpecification","valueRequired":true,"valueName":"search_term_string"}}],"inLanguage":"es"},{"@type":"Organization","@id":"https:\/\/seresturbolivia.com\/#organization","name":"Serestur S.A","alternateName":"Serestur Bolivia","url":"https:\/\/seresturbolivia.com\/","logo":{"@type":"ImageObject","inLanguage":"es","@id":"https:\/\/seresturbolivia.com\/#\/schema\/logo\/image\/","url":"http:\/\/seresturbolivia.com\/wp-content\/uploads\/2023\/04\/Bolivia-Serestur.jpg","contentUrl":"http:\/\/seresturbolivia.com\/wp-content\/uploads\/2023\/04\/Bolivia-Serestur.jpg","width":600,"height":600,"caption":"Serestur S.A"},"image":{"@id":"https:\/\/seresturbolivia.com\/#\/schema\/logo\/image\/"},"sameAs":["https:\/\/www.facebook.com\/seresturbolivia"]}]}},"_links":{"self":[{"href":"https:\/\/seresturbolivia.com\/es\/wp-json\/wp\/v2\/pages\/1933","targetHints":{"allow":["GET"]}}],"collection":[{"href":"https:\/\/seresturbolivia.com\/es\/wp-json\/wp\/v2\/pages"}],"about":[{"href":"https:\/\/seresturbolivia.com\/es\/wp-json\/wp\/v2\/types\/page"}],"author":[{"embeddable":true,"href":"https:\/\/seresturbolivia.com\/es\/wp-json\/wp\/v2\/users\/1"}],"replies":[{"embeddable":true,"href":"https:\/\/seresturbolivia.com\/es\/wp-json\/wp\/v2\/comments?post=1933"}],"version-history":[{"count":17,"href":"https:\/\/seresturbolivia.com\/es\/wp-json\/wp\/v2\/pages\/1933\/revisions"}],"predecessor-version":[{"id":1964,"href":"https:\/\/seresturbolivia.com\/es\/wp-json\/wp\/v2\/pages\/1933\/revisions\/1964"}],"wp:attachment":[{"href":"https:\/\/seresturbolivia.com\/es\/wp-json\/wp\/v2\/media?parent=1933"}],"curies":[{"name":"wp","href":"https:\/\/api.w.org\/{rel}","templated":true}]}}