{"id":1099,"date":"2022-05-24T06:14:23","date_gmt":"2022-05-24T06:14:23","guid":{"rendered":"http:\/\/seresturbolivia.com\/?page_id=1099"},"modified":"2026-01-30T10:43:06","modified_gmt":"2026-01-30T10:43:06","slug":"buy-now","status":"publish","type":"page","link":"https:\/\/seresturbolivia.com\/es\/buy-now\/","title":{"rendered":"Buy Now"},"content":{"rendered":"<div data-elementor-type=\"wp-page\" data-elementor-id=\"1099\" class=\"elementor elementor-1099\">\n\t\t\t\t\t\t<section class=\"elementor-section elementor-top-section elementor-element elementor-element-acb4d0b elementor-section-content-middle elementor-section-boxed elementor-section-height-default elementor-section-height-default\" data-id=\"acb4d0b\" data-element_type=\"section\" data-settings=\"{&quot;background_background&quot;:&quot;classic&quot;}\">\n\t\t\t\t\t\t<div class=\"elementor-container elementor-column-gap-default\">\n\t\t\t\t\t<div class=\"elementor-column elementor-col-100 elementor-top-column elementor-element elementor-element-8f4b021\" data-id=\"8f4b021\" data-element_type=\"column\">\n\t\t\t<div class=\"elementor-widget-wrap elementor-element-populated\">\n\t\t\t\t\t\t<div class=\"elementor-element elementor-element-f60779a elementor-widget elementor-widget-heading\" data-id=\"f60779a\" data-element_type=\"widget\" data-widget_type=\"heading.default\">\n\t\t\t\t<div class=\"elementor-widget-container\">\n\t\t\t\t\t<h2 class=\"elementor-heading-title elementor-size-default\">Buy Now<\/h2>\t\t\t\t<\/div>\n\t\t\t\t<\/div>\n\t\t\t\t\t<\/div>\n\t\t<\/div>\n\t\t\t\t\t<\/div>\n\t\t<\/section>\n\t\t\t\t<section class=\"elementor-section elementor-top-section elementor-element elementor-element-3f9f020 elementor-section-full_width elementor-section-height-default elementor-section-height-default\" data-id=\"3f9f020\" data-element_type=\"section\">\n\t\t\t\t\t\t\t<div class=\"elementor-background-overlay\"><\/div>\n\t\t\t\t\t\t\t<div class=\"elementor-container elementor-column-gap-default\">\n\t\t\t\t\t<div class=\"elementor-column elementor-col-100 elementor-top-column elementor-element elementor-element-4e20ce5\" data-id=\"4e20ce5\" data-element_type=\"column\">\n\t\t\t<div class=\"elementor-widget-wrap elementor-element-populated\">\n\t\t\t\t\t\t<div class=\"elementor-element elementor-element-5c3d7d3 elementor-widget elementor-widget-heading\" data-id=\"5c3d7d3\" data-element_type=\"widget\" data-widget_type=\"heading.default\">\n\t\t\t\t<div class=\"elementor-widget-container\">\n\t\t\t\t\t<h3 class=\"elementor-heading-title elementor-size-default\">Env\u00edanos un mensaje y te responderemos <br> lo m\u00e1s r\u00e1pido posible.<\/h3>\t\t\t\t<\/div>\n\t\t\t\t<\/div>\n\t\t\t\t<div class=\"elementor-element elementor-element-ffcf2b7 syd-contact elementor-widget elementor-widget-shortcode\" data-id=\"ffcf2b7\" data-element_type=\"widget\" data-widget_type=\"shortcode.default\">\n\t\t\t\t<div class=\"elementor-widget-container\">\n\t\t\t\t\t\t\t<div class=\"elementor-shortcode\">\n<div class=\"wpcf7 no-js\" id=\"wpcf7-f1035-o1\" lang=\"es-MX\" dir=\"ltr\" data-wpcf7-id=\"1035\">\n<div class=\"screen-reader-response\"><p role=\"status\" aria-live=\"polite\" aria-atomic=\"true\"><\/p> <ul><\/ul><\/div>\n<form action=\"\/es\/wp-json\/wp\/v2\/pages\/1099#wpcf7-f1035-o1\" method=\"post\" class=\"wpcf7-form init\" aria-label=\"Formulario de contacto\" novalidate=\"novalidate\" data-status=\"init\" data-trp-original-action=\"\/es\/wp-json\/wp\/v2\/pages\/1099#wpcf7-f1035-o1\">\n<fieldset class=\"hidden-fields-container\"><input type=\"hidden\" name=\"_wpcf7\" value=\"1035\" \/><input type=\"hidden\" name=\"_wpcf7_version\" value=\"6.1.4\" \/><input type=\"hidden\" name=\"_wpcf7_locale\" value=\"es_MX\" \/><input type=\"hidden\" name=\"_wpcf7_unit_tag\" value=\"wpcf7-f1035-o1\" \/><input type=\"hidden\" name=\"_wpcf7_container_post\" value=\"0\" \/><input type=\"hidden\" name=\"_wpcf7_posted_data_hash\" value=\"\" \/>\n<\/fieldset>\n<center>\n\t<div id=\"responsive-form\" class=\"clearfix\">\n\t\t<div class=\"form-row\">\n\t\t\t<div class=\"column-full\">\n\t\t\t\t<p><span class=\"wpcf7-form-control-wrap\" data-name=\"Nombre\"><input size=\"40\" maxlength=\"400\" class=\"wpcf7-form-control wpcf7-text wpcf7-validates-as-required\" aria-required=\"true\" aria-invalid=\"false\" placeholder=\"Nombre\" value=\"\" type=\"text\" name=\"Nombre\" \/><\/span>\n\t\t\t\t<\/p>\n\t\t\t<\/div>\n\t\t\t<div class=\"column-full\">\n\t\t\t\t<p><span class=\"wpcf7-form-control-wrap\" data-name=\"Telefono\"><input size=\"40\" maxlength=\"400\" class=\"wpcf7-form-control wpcf7-tel wpcf7-validates-as-required wpcf7-text wpcf7-validates-as-tel\" aria-required=\"true\" aria-invalid=\"false\" placeholder=\"Tel\u00e9fono\" value=\"\" type=\"tel\" name=\"Telefono\" \/><\/span>\n\t\t\t\t<\/p>\n\t\t\t<\/div>\n\t\t<\/div>\n\t\t<div class=\"form-row\">\n\t\t\t<div class=\"column-full\">\n\t\t\t\t<p><span class=\"wpcf7-form-control-wrap\" data-name=\"email\"><input size=\"40\" maxlength=\"400\" class=\"wpcf7-form-control wpcf7-email wpcf7-validates-as-required wpcf7-text wpcf7-validates-as-email\" aria-required=\"true\" aria-invalid=\"false\" placeholder=\"Correo Electr\u00f3nico\" value=\"\" type=\"email\" name=\"email\" \/><\/span>\n\t\t\t\t<\/p>\n\t\t\t<\/div>\n\t\t<\/div>\n\t\t<div class=\"form-row\">\n\t\t\t<div class=\"column-full\">\n\t\t\t\t<p><span class=\"wpcf7-form-control-wrap\" data-name=\"Direccion\"><input size=\"40\" maxlength=\"400\" class=\"wpcf7-form-control wpcf7-text wpcf7-validates-as-required\" aria-required=\"true\" aria-invalid=\"false\" placeholder=\"Direcci\u00f3n\" value=\"\" type=\"text\" name=\"Direccion\" \/><\/span>\n\t\t\t\t<\/p>\n\t\t\t<\/div>\n\t\t<\/div>\n\t\t<div class=\"form-row\">\n\t\t\t<div class=\"column-full\">\n\t\t\t\t<p><span class=\"wpcf7-form-control-wrap\" data-name=\"Productos\"><textarea cols=\"40\" rows=\"5\" maxlength=\"2000\" class=\"wpcf7-form-control wpcf7-textarea wpcf7-validates-as-required\" aria-required=\"true\" aria-invalid=\"false\" placeholder=\"Productos &amp; cantidades\" name=\"Productos\"><\/textarea><\/span>\n\t\t\t\t<\/p>\n\t\t\t<\/div>\n\t\t<\/div>\n\t\t<div class=\"form-row\">\n\t\t\t<div class=\"column-full\">\n\t\t\t\t<p><input class=\"wpcf7-form-control wpcf7-submit has-spinner\" type=\"submit\" value=\"Enviar\" \/>\n\t\t\t\t<\/p>\n\t\t\t<\/div>\n\t\t<\/div>\n\t<\/div><!--end responsive-form-->\n<\/center><div class=\"wpcf7-response-output\" aria-hidden=\"true\"><\/div>\n<input type=\"hidden\" name=\"trp-form-language\" value=\"es\"\/><\/form>\n<\/div>\n<\/div>\n\t\t\t\t\t\t<\/div>\n\t\t\t\t<\/div>\n\t\t\t\t\t<\/div>\n\t\t<\/div>\n\t\t\t\t\t<\/div>\n\t\t<\/section>\n\t\t\t\t<\/div>","protected":false},"excerpt":{"rendered":"<p>Buy Now Send us a message and we will respond as quickly as possible.<\/p>","protected":false},"author":1,"featured_media":1433,"parent":0,"menu_order":0,"comment_status":"closed","ping_status":"closed","template":"page-templates\/page_front-page.php","meta":{"om_disable_all_campaigns":false,"_monsterinsights_skip_tracking":false,"_monsterinsights_sitenote_active":false,"_monsterinsights_sitenote_note":"","_monsterinsights_sitenote_category":0,"footnotes":""},"class_list":["post-1099","page","type-page","status-publish","has-post-thumbnail","hentry"],"yoast_head":"<!-- This site is optimized with the Yoast SEO plugin v26.8 - https:\/\/yoast.com\/product\/yoast-seo-wordpress\/ -->\n<title>Buy Now - Serestur S.A<\/title>\n<meta name=\"description\" content=\"Send us a message and we will respond as quickly as possible.\" \/>\n<meta name=\"robots\" content=\"index, follow, max-snippet:-1, max-image-preview:large, max-video-preview:-1\" \/>\n<link rel=\"canonical\" href=\"https:\/\/seresturbolivia.com\/es\/buy-now\/\" \/>\n<meta property=\"og:locale\" content=\"es_ES\" \/>\n<meta property=\"og:type\" content=\"article\" \/>\n<meta property=\"og:title\" content=\"Buy Now - Serestur S.A\" \/>\n<meta property=\"og:description\" content=\"Send us a message and we will respond as quickly as possible.\" \/>\n<meta property=\"og:url\" content=\"https:\/\/seresturbolivia.com\/es\/buy-now\/\" \/>\n<meta property=\"og:site_name\" content=\"Serestur S.A\" \/>\n<meta property=\"article:publisher\" content=\"https:\/\/www.facebook.com\/seresturbolivia\" \/>\n<meta property=\"article:modified_time\" content=\"2026-01-30T10:43:06+00:00\" \/>\n<meta property=\"og:image\" content=\"https:\/\/seresturbolivia.com\/wp-content\/uploads\/2023\/04\/Bolivia-Serestur.jpg\" \/>\n\t<meta property=\"og:image:width\" content=\"600\" \/>\n\t<meta property=\"og:image:height\" content=\"600\" \/>\n\t<meta property=\"og:image:type\" content=\"image\/jpeg\" \/>\n<meta name=\"twitter:card\" content=\"summary_large_image\" \/>\n<meta name=\"twitter:image\" content=\"https:\/\/seresturbolivia.com\/wp-content\/uploads\/2023\/04\/Bolivia-Serestur.jpg\" \/>\n<meta name=\"twitter:label1\" content=\"Tiempo de lectura\" \/>\n\t<meta name=\"twitter:data1\" content=\"1 minuto\" \/>\n<script type=\"application\/ld+json\" class=\"yoast-schema-graph\">{\"@context\":\"https:\/\/schema.org\",\"@graph\":[{\"@type\":\"WebPage\",\"@id\":\"https:\/\/seresturbolivia.com\/buy-now\/\",\"url\":\"https:\/\/seresturbolivia.com\/buy-now\/\",\"name\":\"Buy Now - Serestur S.A\",\"isPartOf\":{\"@id\":\"https:\/\/seresturbolivia.com\/#website\"},\"primaryImageOfPage\":{\"@id\":\"https:\/\/seresturbolivia.com\/buy-now\/#primaryimage\"},\"image\":{\"@id\":\"https:\/\/seresturbolivia.com\/buy-now\/#primaryimage\"},\"thumbnailUrl\":\"https:\/\/seresturbolivia.com\/wp-content\/uploads\/2023\/04\/Bolivia-Serestur.jpg\",\"datePublished\":\"2022-05-24T06:14:23+00:00\",\"dateModified\":\"2026-01-30T10:43:06+00:00\",\"description\":\"Send us a message and we will respond as quickly as possible.\",\"breadcrumb\":{\"@id\":\"https:\/\/seresturbolivia.com\/buy-now\/#breadcrumb\"},\"inLanguage\":\"es\",\"potentialAction\":[{\"@type\":\"ReadAction\",\"target\":[\"https:\/\/seresturbolivia.com\/buy-now\/\"]}]},{\"@type\":\"ImageObject\",\"inLanguage\":\"es\",\"@id\":\"https:\/\/seresturbolivia.com\/buy-now\/#primaryimage\",\"url\":\"https:\/\/seresturbolivia.com\/wp-content\/uploads\/2023\/04\/Bolivia-Serestur.jpg\",\"contentUrl\":\"https:\/\/seresturbolivia.com\/wp-content\/uploads\/2023\/04\/Bolivia-Serestur.jpg\",\"width\":600,\"height\":600},{\"@type\":\"BreadcrumbList\",\"@id\":\"https:\/\/seresturbolivia.com\/buy-now\/#breadcrumb\",\"itemListElement\":[{\"@type\":\"ListItem\",\"position\":1,\"name\":\"Inicio\",\"item\":\"https:\/\/seresturbolivia.com\/\"},{\"@type\":\"ListItem\",\"position\":2,\"name\":\"Buy Now\"}]},{\"@type\":\"WebSite\",\"@id\":\"https:\/\/seresturbolivia.com\/#website\",\"url\":\"https:\/\/seresturbolivia.com\/\",\"name\":\"Serestur S.A\",\"description\":\"Servicios Estrat\u00e9gicos de Hoteler\u00eda y Turismo\",\"publisher\":{\"@id\":\"https:\/\/seresturbolivia.com\/#organization\"},\"potentialAction\":[{\"@type\":\"SearchAction\",\"target\":{\"@type\":\"EntryPoint\",\"urlTemplate\":\"https:\/\/seresturbolivia.com\/?s={search_term_string}\"},\"query-input\":{\"@type\":\"PropertyValueSpecification\",\"valueRequired\":true,\"valueName\":\"search_term_string\"}}],\"inLanguage\":\"es\"},{\"@type\":\"Organization\",\"@id\":\"https:\/\/seresturbolivia.com\/#organization\",\"name\":\"Serestur S.A\",\"alternateName\":\"Serestur Bolivia\",\"url\":\"https:\/\/seresturbolivia.com\/\",\"logo\":{\"@type\":\"ImageObject\",\"inLanguage\":\"es\",\"@id\":\"https:\/\/seresturbolivia.com\/#\/schema\/logo\/image\/\",\"url\":\"http:\/\/seresturbolivia.com\/wp-content\/uploads\/2023\/04\/Bolivia-Serestur.jpg\",\"contentUrl\":\"http:\/\/seresturbolivia.com\/wp-content\/uploads\/2023\/04\/Bolivia-Serestur.jpg\",\"width\":600,\"height\":600,\"caption\":\"Serestur S.A\"},\"image\":{\"@id\":\"https:\/\/seresturbolivia.com\/#\/schema\/logo\/image\/\"},\"sameAs\":[\"https:\/\/www.facebook.com\/seresturbolivia\"]}]}<\/script>\n<!-- \/ Yoast SEO plugin. -->","yoast_head_json":{"title":"Buy Now - Serestur S.A","description":"Send us a message and we will respond as quickly as possible.","robots":{"index":"index","follow":"follow","max-snippet":"max-snippet:-1","max-image-preview":"max-image-preview:large","max-video-preview":"max-video-preview:-1"},"canonical":"https:\/\/seresturbolivia.com\/es\/buy-now\/","og_locale":"es_ES","og_type":"article","og_title":"Buy Now - Serestur S.A","og_description":"Send us a message and we will respond as quickly as possible.","og_url":"https:\/\/seresturbolivia.com\/es\/buy-now\/","og_site_name":"Serestur S.A","article_publisher":"https:\/\/www.facebook.com\/seresturbolivia","article_modified_time":"2026-01-30T10:43:06+00:00","og_image":[{"width":600,"height":600,"url":"https:\/\/seresturbolivia.com\/wp-content\/uploads\/2023\/04\/Bolivia-Serestur.jpg","type":"image\/jpeg"}],"twitter_card":"summary_large_image","twitter_image":"https:\/\/seresturbolivia.com\/wp-content\/uploads\/2023\/04\/Bolivia-Serestur.jpg","twitter_misc":{"Tiempo de lectura":"1 minuto"},"schema":{"@context":"https:\/\/schema.org","@graph":[{"@type":"WebPage","@id":"https:\/\/seresturbolivia.com\/buy-now\/","url":"https:\/\/seresturbolivia.com\/buy-now\/","name":"Buy Now - Serestur S.A","isPartOf":{"@id":"https:\/\/seresturbolivia.com\/#website"},"primaryImageOfPage":{"@id":"https:\/\/seresturbolivia.com\/buy-now\/#primaryimage"},"image":{"@id":"https:\/\/seresturbolivia.com\/buy-now\/#primaryimage"},"thumbnailUrl":"https:\/\/seresturbolivia.com\/wp-content\/uploads\/2023\/04\/Bolivia-Serestur.jpg","datePublished":"2022-05-24T06:14:23+00:00","dateModified":"2026-01-30T10:43:06+00:00","description":"Send us a message and we will respond as quickly as possible.","breadcrumb":{"@id":"https:\/\/seresturbolivia.com\/buy-now\/#breadcrumb"},"inLanguage":"es","potentialAction":[{"@type":"ReadAction","target":["https:\/\/seresturbolivia.com\/buy-now\/"]}]},{"@type":"ImageObject","inLanguage":"es","@id":"https:\/\/seresturbolivia.com\/buy-now\/#primaryimage","url":"https:\/\/seresturbolivia.com\/wp-content\/uploads\/2023\/04\/Bolivia-Serestur.jpg","contentUrl":"https:\/\/seresturbolivia.com\/wp-content\/uploads\/2023\/04\/Bolivia-Serestur.jpg","width":600,"height":600},{"@type":"BreadcrumbList","@id":"https:\/\/seresturbolivia.com\/buy-now\/#breadcrumb","itemListElement":[{"@type":"ListItem","position":1,"name":"Inicio","item":"https:\/\/seresturbolivia.com\/"},{"@type":"ListItem","position":2,"name":"Buy Now"}]},{"@type":"WebSite","@id":"https:\/\/seresturbolivia.com\/#website","url":"https:\/\/seresturbolivia.com\/","name":"Serestur S.A","description":"Servicios Estrat\u00e9gicos de Hoteler\u00eda y Turismo","publisher":{"@id":"https:\/\/seresturbolivia.com\/#organization"},"potentialAction":[{"@type":"SearchAction","target":{"@type":"EntryPoint","urlTemplate":"https:\/\/seresturbolivia.com\/?s={search_term_string}"},"query-input":{"@type":"PropertyValueSpecification","valueRequired":true,"valueName":"search_term_string"}}],"inLanguage":"es"},{"@type":"Organization","@id":"https:\/\/seresturbolivia.com\/#organization","name":"Serestur S.A","alternateName":"Serestur Bolivia","url":"https:\/\/seresturbolivia.com\/","logo":{"@type":"ImageObject","inLanguage":"es","@id":"https:\/\/seresturbolivia.com\/#\/schema\/logo\/image\/","url":"http:\/\/seresturbolivia.com\/wp-content\/uploads\/2023\/04\/Bolivia-Serestur.jpg","contentUrl":"http:\/\/seresturbolivia.com\/wp-content\/uploads\/2023\/04\/Bolivia-Serestur.jpg","width":600,"height":600,"caption":"Serestur S.A"},"image":{"@id":"https:\/\/seresturbolivia.com\/#\/schema\/logo\/image\/"},"sameAs":["https:\/\/www.facebook.com\/seresturbolivia"]}]}},"_links":{"self":[{"href":"https:\/\/seresturbolivia.com\/es\/wp-json\/wp\/v2\/pages\/1099","targetHints":{"allow":["GET"]}}],"collection":[{"href":"https:\/\/seresturbolivia.com\/es\/wp-json\/wp\/v2\/pages"}],"about":[{"href":"https:\/\/seresturbolivia.com\/es\/wp-json\/wp\/v2\/types\/page"}],"author":[{"embeddable":true,"href":"https:\/\/seresturbolivia.com\/es\/wp-json\/wp\/v2\/users\/1"}],"replies":[{"embeddable":true,"href":"https:\/\/seresturbolivia.com\/es\/wp-json\/wp\/v2\/comments?post=1099"}],"version-history":[{"count":20,"href":"https:\/\/seresturbolivia.com\/es\/wp-json\/wp\/v2\/pages\/1099\/revisions"}],"predecessor-version":[{"id":1856,"href":"https:\/\/seresturbolivia.com\/es\/wp-json\/wp\/v2\/pages\/1099\/revisions\/1856"}],"wp:featuredmedia":[{"embeddable":true,"href":"https:\/\/seresturbolivia.com\/es\/wp-json\/wp\/v2\/media\/1433"}],"wp:attachment":[{"href":"https:\/\/seresturbolivia.com\/es\/wp-json\/wp\/v2\/media?parent=1099"}],"curies":[{"name":"wp","href":"https:\/\/api.w.org\/{rel}","templated":true}]}}